{"id":10836,"date":"2021-07-21T10:50:10","date_gmt":"2021-07-21T08:50:10","guid":{"rendered":"https:\/\/loveitaly.org\/v2\/product\/donazione-base-ricorrente\/"},"modified":"2024-09-20T17:19:17","modified_gmt":"2024-09-20T15:19:17","slug":"donazione-base-ricorrente","status":"publish","type":"product","link":"https:\/\/loveitaly.org\/it\/prodotto\/donazione-base-ricorrente\/","title":{"rendered":"Donazione Base &#8211; Ricorrente"},"content":{"rendered":"<p>Questa \u00e8 una donazione ricorrente. Le donazioni ricorrenti garantiscono un flusso di risorse pi\u00f9 stabile, che ci aiuta a fornire un sostegno finanziario pi\u00f9 forte alle nostre attivit\u00e0, progetti e campagne.<\/p>\n<h3>Come funziona?<\/h3>\n<p>Puoi optare per un piano ricorrente e donare un <em>importo fisso<\/em> al mese, per un anno intero. La donazione viene elaborata tramite il tuo conto PayPal, quindi devi solo sottoscrivere uno dei piani disponibili.<\/p>\n<div class='afli-shortcode'>  <h3>Donazioni deducibili in USA<\/h3>\r\n  <p>\r\n    If you wish to make a <strong>tax deductible donation in the US<\/strong>, please pay through American Friends of Love Italy by following the link below (AFLI).  <\/p>\r\n  <a class=\"button \" href=\"https:\/\/www.paypal.com\/donate\/?hosted_button_id=5W6QZ489K72RE\" target=\"_blank\">\r\n    Vai su AFLI  <\/a>\r\n  <\/div>\n<p>&nbsp;<\/p>\n","protected":false},"excerpt":{"rendered":"<p>Questa \u00e8 una donazione ricorrente. Le donazioni ricorrenti garantiscono un flusso di risorse pi\u00f9 stabile, che ci aiuta a fornire un sostegno finanziario pi\u00f9 forte alle nostre attivit\u00e0, progetti e campagne. Come funziona? Puoi optare per un piano ricorrente e donare un importo fisso al mese, per un anno intero. La donazione viene elaborata tramite<\/p>\n","protected":false},"featured_media":10561,"comment_status":"closed","ping_status":"closed","template":"","meta":{"_acf_changed":false},"product_brand":[],"product_cat":[563],"product_tag":[],"class_list":{"0":"post-10836","1":"product","2":"type-product","3":"status-publish","4":"has-post-thumbnail","6":"product_cat-donazioni","8":"first","9":"instock","10":"shipping-taxable","11":"purchasable","12":"product-type-subscription"},"acf":[],"yoast_head":"<!-- This site is optimized with the Yoast SEO plugin v27.3 - https:\/\/yoast.com\/product\/yoast-seo-wordpress\/ -->\n<title>Donazione Base - Ricorrente &#187; Love Italy<\/title>\n<meta name=\"robots\" content=\"noindex, follow\" \/>\n<meta property=\"og:locale\" content=\"it_IT\" \/>\n<meta property=\"og:type\" content=\"article\" \/>\n<meta property=\"og:title\" content=\"Donazione Base - Ricorrente &#187; Love Italy\" \/>\n<meta property=\"og:description\" content=\"Questa \u00e8 una donazione ricorrente. Le donazioni ricorrenti garantiscono un flusso di risorse pi\u00f9 stabile, che ci aiuta a fornire un sostegno finanziario pi\u00f9 forte alle nostre attivit\u00e0, progetti e campagne. Come funziona? Puoi optare per un piano ricorrente e donare un importo fisso al mese, per un anno intero. La donazione viene elaborata tramite\" \/>\n<meta property=\"og:url\" content=\"https:\/\/loveitaly.org\/it\/prodotto\/donazione-base-ricorrente\/\" \/>\n<meta property=\"og:site_name\" content=\"Love Italy\" \/>\n<meta property=\"article:modified_time\" content=\"2024-09-20T15:19:17+00:00\" \/>\n<meta property=\"og:image\" content=\"https:\/\/loveitaly.org\/v2\/wp-content\/uploads\/2021\/07\/loveitaly-recurring-donations.png\" \/>\n\t<meta property=\"og:image:width\" content=\"600\" \/>\n\t<meta property=\"og:image:height\" content=\"600\" \/>\n\t<meta property=\"og:image:type\" content=\"image\/png\" \/>\n<meta name=\"twitter:card\" content=\"summary_large_image\" \/>\n<meta name=\"twitter:label1\" content=\"Tempo di lettura stimato\" \/>\n\t<meta name=\"twitter:data1\" content=\"1 minuto\" \/>\n<script type=\"application\/ld+json\" class=\"yoast-schema-graph\">{\"@context\":\"https:\\\/\\\/schema.org\",\"@graph\":[{\"@type\":\"WebPage\",\"@id\":\"https:\\\/\\\/loveitaly.org\\\/it\\\/prodotto\\\/donazione-base-ricorrente\\\/\",\"url\":\"https:\\\/\\\/loveitaly.org\\\/it\\\/prodotto\\\/donazione-base-ricorrente\\\/\",\"name\":\"Donazione Base - Ricorrente &#187; Love Italy\",\"isPartOf\":{\"@id\":\"https:\\\/\\\/loveitaly.org\\\/it\\\/#website\"},\"primaryImageOfPage\":{\"@id\":\"https:\\\/\\\/loveitaly.org\\\/it\\\/prodotto\\\/donazione-base-ricorrente\\\/#primaryimage\"},\"image\":{\"@id\":\"https:\\\/\\\/loveitaly.org\\\/it\\\/prodotto\\\/donazione-base-ricorrente\\\/#primaryimage\"},\"thumbnailUrl\":\"https:\\\/\\\/loveitaly.org\\\/v2\\\/wp-content\\\/uploads\\\/2021\\\/07\\\/loveitaly-recurring-donations.png\",\"datePublished\":\"2021-07-21T08:50:10+00:00\",\"dateModified\":\"2024-09-20T15:19:17+00:00\",\"breadcrumb\":{\"@id\":\"https:\\\/\\\/loveitaly.org\\\/it\\\/prodotto\\\/donazione-base-ricorrente\\\/#breadcrumb\"},\"inLanguage\":\"it-IT\",\"potentialAction\":[{\"@type\":\"ReadAction\",\"target\":[\"https:\\\/\\\/loveitaly.org\\\/it\\\/prodotto\\\/donazione-base-ricorrente\\\/\"]}]},{\"@type\":\"ImageObject\",\"inLanguage\":\"it-IT\",\"@id\":\"https:\\\/\\\/loveitaly.org\\\/it\\\/prodotto\\\/donazione-base-ricorrente\\\/#primaryimage\",\"url\":\"https:\\\/\\\/loveitaly.org\\\/v2\\\/wp-content\\\/uploads\\\/2021\\\/07\\\/loveitaly-recurring-donations.png\",\"contentUrl\":\"https:\\\/\\\/loveitaly.org\\\/v2\\\/wp-content\\\/uploads\\\/2021\\\/07\\\/loveitaly-recurring-donations.png\",\"width\":600,\"height\":600},{\"@type\":\"BreadcrumbList\",\"@id\":\"https:\\\/\\\/loveitaly.org\\\/it\\\/prodotto\\\/donazione-base-ricorrente\\\/#breadcrumb\",\"itemListElement\":[{\"@type\":\"ListItem\",\"position\":1,\"name\":\"Home\",\"item\":\"https:\\\/\\\/loveitaly.org\\\/it\\\/\"},{\"@type\":\"ListItem\",\"position\":2,\"name\":\"Negozio\",\"item\":\"https:\\\/\\\/loveitaly.org\\\/it\\\/negozio-2\\\/\"},{\"@type\":\"ListItem\",\"position\":3,\"name\":\"Donazione Base &#8211; Ricorrente\"}]},{\"@type\":\"WebSite\",\"@id\":\"https:\\\/\\\/loveitaly.org\\\/it\\\/#website\",\"url\":\"https:\\\/\\\/loveitaly.org\\\/it\\\/\",\"name\":\"Love Italy\",\"description\":\"Spread the love\",\"publisher\":{\"@id\":\"https:\\\/\\\/loveitaly.org\\\/it\\\/#organization\"},\"potentialAction\":[{\"@type\":\"SearchAction\",\"target\":{\"@type\":\"EntryPoint\",\"urlTemplate\":\"https:\\\/\\\/loveitaly.org\\\/it\\\/?s={search_term_string}\"},\"query-input\":{\"@type\":\"PropertyValueSpecification\",\"valueRequired\":true,\"valueName\":\"search_term_string\"}}],\"inLanguage\":\"it-IT\"},{\"@type\":\"Organization\",\"@id\":\"https:\\\/\\\/loveitaly.org\\\/it\\\/#organization\",\"name\":\"LoveItaly\",\"url\":\"https:\\\/\\\/loveitaly.org\\\/it\\\/\",\"logo\":{\"@type\":\"ImageObject\",\"inLanguage\":\"it-IT\",\"@id\":\"https:\\\/\\\/loveitaly.org\\\/it\\\/#\\\/schema\\\/logo\\\/image\\\/\",\"url\":\"https:\\\/\\\/loveitaly.org\\\/v2\\\/wp-content\\\/uploads\\\/2021\\\/02\\\/loveitaly-logo.png\",\"contentUrl\":\"https:\\\/\\\/loveitaly.org\\\/v2\\\/wp-content\\\/uploads\\\/2021\\\/02\\\/loveitaly-logo.png\",\"width\":300,\"height\":91,\"caption\":\"LoveItaly\"},\"image\":{\"@id\":\"https:\\\/\\\/loveitaly.org\\\/it\\\/#\\\/schema\\\/logo\\\/image\\\/\"}}]}<\/script>\n<!-- \/ Yoast SEO plugin. -->","yoast_head_json":{"title":"Donazione Base - Ricorrente &#187; Love Italy","robots":{"index":"noindex","follow":"follow"},"og_locale":"it_IT","og_type":"article","og_title":"Donazione Base - Ricorrente &#187; Love Italy","og_description":"Questa \u00e8 una donazione ricorrente. Le donazioni ricorrenti garantiscono un flusso di risorse pi\u00f9 stabile, che ci aiuta a fornire un sostegno finanziario pi\u00f9 forte alle nostre attivit\u00e0, progetti e campagne. Come funziona? Puoi optare per un piano ricorrente e donare un importo fisso al mese, per un anno intero. La donazione viene elaborata tramite","og_url":"https:\/\/loveitaly.org\/it\/prodotto\/donazione-base-ricorrente\/","og_site_name":"Love Italy","article_modified_time":"2024-09-20T15:19:17+00:00","og_image":[{"width":600,"height":600,"url":"https:\/\/loveitaly.org\/v2\/wp-content\/uploads\/2021\/07\/loveitaly-recurring-donations.png","type":"image\/png"}],"twitter_card":"summary_large_image","twitter_misc":{"Tempo di lettura stimato":"1 minuto"},"schema":{"@context":"https:\/\/schema.org","@graph":[{"@type":"WebPage","@id":"https:\/\/loveitaly.org\/it\/prodotto\/donazione-base-ricorrente\/","url":"https:\/\/loveitaly.org\/it\/prodotto\/donazione-base-ricorrente\/","name":"Donazione Base - Ricorrente &#187; Love Italy","isPartOf":{"@id":"https:\/\/loveitaly.org\/it\/#website"},"primaryImageOfPage":{"@id":"https:\/\/loveitaly.org\/it\/prodotto\/donazione-base-ricorrente\/#primaryimage"},"image":{"@id":"https:\/\/loveitaly.org\/it\/prodotto\/donazione-base-ricorrente\/#primaryimage"},"thumbnailUrl":"https:\/\/loveitaly.org\/v2\/wp-content\/uploads\/2021\/07\/loveitaly-recurring-donations.png","datePublished":"2021-07-21T08:50:10+00:00","dateModified":"2024-09-20T15:19:17+00:00","breadcrumb":{"@id":"https:\/\/loveitaly.org\/it\/prodotto\/donazione-base-ricorrente\/#breadcrumb"},"inLanguage":"it-IT","potentialAction":[{"@type":"ReadAction","target":["https:\/\/loveitaly.org\/it\/prodotto\/donazione-base-ricorrente\/"]}]},{"@type":"ImageObject","inLanguage":"it-IT","@id":"https:\/\/loveitaly.org\/it\/prodotto\/donazione-base-ricorrente\/#primaryimage","url":"https:\/\/loveitaly.org\/v2\/wp-content\/uploads\/2021\/07\/loveitaly-recurring-donations.png","contentUrl":"https:\/\/loveitaly.org\/v2\/wp-content\/uploads\/2021\/07\/loveitaly-recurring-donations.png","width":600,"height":600},{"@type":"BreadcrumbList","@id":"https:\/\/loveitaly.org\/it\/prodotto\/donazione-base-ricorrente\/#breadcrumb","itemListElement":[{"@type":"ListItem","position":1,"name":"Home","item":"https:\/\/loveitaly.org\/it\/"},{"@type":"ListItem","position":2,"name":"Negozio","item":"https:\/\/loveitaly.org\/it\/negozio-2\/"},{"@type":"ListItem","position":3,"name":"Donazione Base &#8211; Ricorrente"}]},{"@type":"WebSite","@id":"https:\/\/loveitaly.org\/it\/#website","url":"https:\/\/loveitaly.org\/it\/","name":"Love Italy","description":"Spread the love","publisher":{"@id":"https:\/\/loveitaly.org\/it\/#organization"},"potentialAction":[{"@type":"SearchAction","target":{"@type":"EntryPoint","urlTemplate":"https:\/\/loveitaly.org\/it\/?s={search_term_string}"},"query-input":{"@type":"PropertyValueSpecification","valueRequired":true,"valueName":"search_term_string"}}],"inLanguage":"it-IT"},{"@type":"Organization","@id":"https:\/\/loveitaly.org\/it\/#organization","name":"LoveItaly","url":"https:\/\/loveitaly.org\/it\/","logo":{"@type":"ImageObject","inLanguage":"it-IT","@id":"https:\/\/loveitaly.org\/it\/#\/schema\/logo\/image\/","url":"https:\/\/loveitaly.org\/v2\/wp-content\/uploads\/2021\/02\/loveitaly-logo.png","contentUrl":"https:\/\/loveitaly.org\/v2\/wp-content\/uploads\/2021\/02\/loveitaly-logo.png","width":300,"height":91,"caption":"LoveItaly"},"image":{"@id":"https:\/\/loveitaly.org\/it\/#\/schema\/logo\/image\/"}}]}},"_links":{"self":[{"href":"https:\/\/loveitaly.org\/it\/wp-json\/wp\/v2\/product\/10836","targetHints":{"allow":["GET"]}}],"collection":[{"href":"https:\/\/loveitaly.org\/it\/wp-json\/wp\/v2\/product"}],"about":[{"href":"https:\/\/loveitaly.org\/it\/wp-json\/wp\/v2\/types\/product"}],"replies":[{"embeddable":true,"href":"https:\/\/loveitaly.org\/it\/wp-json\/wp\/v2\/comments?post=10836"}],"wp:featuredmedia":[{"embeddable":true,"href":"https:\/\/loveitaly.org\/it\/wp-json\/wp\/v2\/media\/10561"}],"wp:attachment":[{"href":"https:\/\/loveitaly.org\/it\/wp-json\/wp\/v2\/media?parent=10836"}],"wp:term":[{"taxonomy":"product_brand","embeddable":true,"href":"https:\/\/loveitaly.org\/it\/wp-json\/wp\/v2\/product_brand?post=10836"},{"taxonomy":"product_cat","embeddable":true,"href":"https:\/\/loveitaly.org\/it\/wp-json\/wp\/v2\/product_cat?post=10836"},{"taxonomy":"product_tag","embeddable":true,"href":"https:\/\/loveitaly.org\/it\/wp-json\/wp\/v2\/product_tag?post=10836"}],"curies":[{"name":"wp","href":"https:\/\/api.w.org\/{rel}","templated":true}]}}