{"id":9522,"date":"2021-02-16T15:47:38","date_gmt":"2021-02-16T14:47:38","guid":{"rendered":"https:\/\/loveitaly.org\/v2\/?page_id=9522"},"modified":"2025-03-06T15:04:09","modified_gmt":"2025-03-06T14:04:09","slug":"privacy-policy","status":"publish","type":"page","link":"https:\/\/loveitaly.org\/it\/privacy-policy\/","title":{"rendered":"Privacy Policy"},"content":{"rendered":"\n<p>Le definizioni contenute nella presente Informativa Privacy (\u201cInformativa\u201d) hanno lo stesso significato di quelle contenute nelle Condizioni di Utilizzo del sito [www.loveitaly.org] (\u201cCondizioni di Utilizzo\u201d).<\/p>\n\n\n\n<p>I dati forniti a LoveItaly (ex iLoveItaly!, ex LoveItaly! e come di seguito definita) al momento della registrazione e successivamente per l\u2019utilizzo dei servizi di volta in volta forniti da e su LoveItaly saranno trattati nel rispetto delle disposizioni di cui al \u201cRegolamento Europeo 2016\/679 relativo alla protezione delle persone fisiche con riguardo al Trattamento dei Dati Personali, nonch\u00e9 alla libera circolazione di tali dati\u201d (di seguito \u201cRegolamento\u201d o \u201cGDPR\u201d).&nbsp;A norma dell\u2019art. 13 del GDPR, LoveItaly fornisce ai propri utenti le seguenti informazioni.<\/p>\n\n\n\n<p><strong>Titolare e responsabile del procedimento<\/strong><\/p>\n\n\n\n<p>Titolare del trattamento dei dati personali \u00e8 l\u2019associazione culturale LoveItaly, con sede legale in Roma, via Marsala 29H, 00185, (il \u201cTitolare\u201d).<\/p>\n\n\n\n<p><strong>Modalit\u00e0 di trattamento e di conservazione dei dati<\/strong><\/p>\n\n\n\n<p>I dati vengono raccolti per via telematica e trattati mediante operazioni di registrazione, consultazione, comunicazione, conservazione, cancellazione, effettuate in prevalenza con l\u2019ausilio di strumenti elettronici, assicurando l\u2019impiego di misure idonee per la sicurezza dei dati trattati e garantendo la riservatezza dei medesimi.<br>I dati dell\u2019Utente, memorizzati su supporto elettronico, sono custoditi e archiviati su un server di propriet\u00e0 di LoveItaly. In particolare, il Titolare dichiara che i dati registrati sul server sono protetti contro il rischio di intrusione e accesso non autorizzato e di avere altres\u00ec adottato misure di sicurezza idonee a garantire l\u2019integrit\u00e0 e la disponibilit\u00e0 dei dati nonch\u00e9 la protezione delle aree e dei locali rilevanti ai fini della loro custodia e accessibilit\u00e0.<br>I dati personali verranno trattati da collaboratori e\/o dipendenti del Titolare in qualit\u00e0 di responsabili o incaricati del trattamento, nell\u2019ambito delle rispettive funzioni ed in conformit\u00e0 alle istruzioni impartite dal Titolare, nel rispetto del GDPR e delle clausole esposte in questo documento.<\/p>\n\n\n\n<p>LoveItaly garantisce il massimo livello di sicurezza nella gestione dei dati dell\u2019Utente.<\/p>\n\n\n\n<p><strong>Tipologia dei dati trattati e finalit\u00e0 del trattamento<\/strong><\/p>\n\n\n\n<ol class=\"wp-block-list\">\n<li>LoveItaly raccoglie ed utilizza i dati unicamente per finalit\u00e0 direttamente connesse e strumentali all\u2019attivazione del profilo Utente ed al funzionamento dei servizi forniti (e.g. gestione delle donazioni, consegna delle ricompense), per l\u2019adempimento agli obblighi previsti dalla legge, da regolamenti della Pubblica Amministrazione o dalla normativa europea e per la tutela dei propri diritti in sede giudiziaria.<\/li>\n\n\n\n<li>I dati relativi al traffico degli Utenti registrati vengono trattati da LoveItaly esclusivamente per finalit\u00e0 di sicurezza e per finalit\u00e0 statistiche.<br>Accettando le Condizioni di utilizzo e la Privacy Policy in sede di registrazione, l\u2019Utente acconsente a ricevere da LoveItaly, all\u2019indirizzo e-mail indicato al momento della registrazione, comunicazioni e proposte commerciali relative e\/o connesse ai servizi di LoveItaly.<\/li>\n\n\n\n<li>Una volta prestato tale consenso, l\u2019Utente pu\u00f2 successivamente opporsi in ogni momento a tale trattamento cliccando sull\u2019apposito link presente in calce alla comunicazione commerciale. Nonostante questo rifiuto, l\u2019Utente potr\u00e0 accedere ai servizi offerti da LoveItaly.<\/li>\n\n\n\n<li>Allo stesso modo, accettando le Condizioni di utilizzo e la Privacy Policy in sede di registrazione, l\u2019Utente consente al Titolare di utilizzare l\u2019indirizzo e-mail e di posta cartacea indicate dall\u2019Utente in sede di registrazione a LoveItaly al fine della promozione di servizi offerti analoghi a quelli cui l\u2019Utente abbia aderito, per l\u2019invio di materiale pubblicitario relativo ai medesimi prodotti o servizi o per il compimento di ricerche di mercato o di comunicazione commerciale. Una volta prestato tale consenso, l\u2019Utente pu\u00f2 successivamente opporsi in ogni momento a tale trattamento inviando un\u2019e-mail all\u2019indirizzo: ciao@loveitaly.org. L\u2019opposizione non avr\u00e0 alcuna conseguenza sull\u2019utilizzabilit\u00e0 del servizio.<\/li>\n<\/ol>\n\n\n\n<p><strong>Natura del conferimento dei dati<\/strong><\/p>\n\n\n\n<p>Il mero accesso al Sito a scopo esplorativo ed in assenza di registrazione \u00e8 libero e non comporta alcun trattamento di dati personali. Il conferimento dei dati richiesti al momento della registrazione a LoveItaly \u00e8 obbligatorio, in quanto necessario allo svolgimento dei servizi offerti. L\u2019eventuale rifiuto di fornire i dati comporta l\u2019impossibilit\u00e0 per LoveItaly di completare il processo di registrazione dell\u2019Utente e quindi di prestare i servizi.<\/p>\n\n\n\n<p><strong>Soggetti a cui possono essere comunicati i dati<\/strong><\/p>\n\n\n\n<p>I dati personali dell\u2019Utente saranno comunicati esclusivamente a soggetti incaricati dal Titolare a fornire di servizi strumentali o necessari allo svolgimento dei servizi di LoveItaly. Questi soggetti si limiteranno a trattare i dati per le finalit\u00e0 strettamente necessarie allo svolgimento dei servizi di LoveItaly.<br>In particolare, i dati potranno essere comunicati ai seguenti soggetti:<\/p>\n\n\n\n<ol class=\"wp-block-list\">\n<li>Persone, societ\u00e0 o studi professionali, che svolgono attivit\u00e0 di assistenza, consulenza o collaborazione ad LoveItaly in materia contabile, amministrativa, legale, tributaria e finanziaria;<\/li>\n\n\n\n<li>Soggetti incaricati da LoveItaly allo svolgimento delle attivit\u00e0 relative all\u2019erogazione dei servizi o a parte di esse;<\/li>\n\n\n\n<li>Pubbliche Amministrazioni per lo svolgimento delle loro funzioni istituzionali, ai sensi di quanto stabilito dalla legge o dai regolamenti.<\/li>\n<\/ol>\n\n\n\n<p><a href=\"https:\/\/www.amazon.it\/HONOR-Pad-X8a-FullView-altoparlanti\/dp\/B0DD78XM4Y\"><strong>Statistiche e tracciamenti<\/strong><\/a><\/p>\n\n\n\n<p>In aggiunta, utiliziamo servizi di terze parti per monitorare il traffico del nostro sito web ed analizzare dati aggregati sull&#8217;utilizzo. Questo \u00e8 necessario per monitorare costantemente l&#8217;uso del sito web al fine di migliorare la funzionalit\u00e0 e la user experience dello stesso.<\/p>\n\n\n\n<p>I dati statistici sono raccolti utilizzando Google Analytics 4 in due modalit\u00e0 differenti:<\/p>\n\n\n\n<ul class=\"wp-block-list\">\n<li><strong>GA4 come tracker per visualizzazioni di pagina:<\/strong> in questa modalit\u00e0, si raccolgono dati anonimizzati, indipendenti e non riconducibili alla specifica sessione utente, per monitorare le pagine viste in termini di dati aggregati, senza la possibilit\u00e0 di ricostruire il comportamento del singolo utente.<\/li>\n\n\n\n<li><strong>GA4 come tracker eventi:<\/strong> in questa modalit\u00e0, si raccolgono dati anonimizzati, riconducibili alla sessione utente e legati alle azioni (eventi) eseguite dallo stesso, per monitorare il comportamento dell&#8217;utente sulla base di azioni event-based (per esempio: click su altri link, invii di form, invio di donazioni).<\/li>\n<\/ul>\n\n\n\n<p>Il setup corretto viene caricato in funzione delle tue preference dei cookie. Su questo aspetto, ti preghiamo di prendere atto che:<\/p>\n\n\n\n<ul class=\"wp-block-list\">\n<li><strong>In modalit\u00e0 tracker per visualizzazioni di pagina<\/strong>, GA4 non imposta alcun cookie, quindi non \u00e8 previsto alcun consenso da parte dell&#8217;utente<\/li>\n\n\n\n<li><strong>In modalit\u00e0 tracker eventi<\/strong>, GA4 imposter\u00e0 i cookie per identificare la sessione utente, quindi finch\u00e9 non esprimi il consenso per i cookie e\/o per il servizio specifico, nessun dato verr\u00e0 processato<\/li>\n<\/ul>\n\n\n\n<p><strong>Cookie e gestione del consenso<\/strong><\/p>\n\n\n\n<p>Puoi sempre verificare e modificare il consenso prestato cliccando il bottone fisso nell&#8217;angolo in basso a sinistra della finestra, oppure usando il pannello di controllo presente nella nostra <a href=\"\/it\/cookie-policy\/\">cookie policy<\/a>.<\/p>\n\n\n\n<p>You can always control your consent by clicking the floating button on the bottom left corner of the screen, or by using the control panel in our <a href=\"\/cookie-policy\/\">cookie p<\/a><\/p>\n\n\n\n<p><strong>Diritti dell\u2019interessato<\/strong><\/p>\n\n\n\n<p>L\u2019art. 15 del GDPR, rubricato \u201cDiritto di accesso ai dati personali ed altri diritti\u201d, prevede i seguenti diritti in capo all\u2019Utente:<\/p>\n\n\n\n<ol class=\"wp-block-list\">\n<li>di ottenere la conferma dell\u2019esistenza o meno di dati personali che lo riguardano, anche se non ancora registrati, e la loro comunicazione in forma intellegibile;<\/li>\n\n\n\n<li>di ottenere l\u2019indicazione:<\/li>\n<\/ol>\n\n\n\n<ul class=\"wp-block-list\">\n<li>dell\u2019origine dei dati personali; <\/li>\n\n\n\n<li>delle finalit\u00e0 e modalit\u00e0 del trattamento;<\/li>\n\n\n\n<li>della logica applicata in caso di trattamento effettuato con l\u2019ausilio di strumenti elettronici;<\/li>\n\n\n\n<li>degli estremi identificativi del Titolare, dei responsabili e del rappresentante designato;<\/li>\n\n\n\n<li>dei soggetti o delle categorie di soggetti ai quali i dati personali possono essere comunicati o che possono venirne a conoscenza in qualit\u00e0 di rappresentante designato nel territorio dello Stato, di responsabili o incaricati.<\/li>\n<\/ul>\n\n\n\n<ul class=\"wp-block-list\">\n<li>di ottenere:\u00a0\n<ul class=\"wp-block-list\">\n<li>l\u2019aggiornamento, la rettificazione ovvero, quando vi ha interesse, l\u2019integrazione dei dati;<\/li>\n\n\n\n<li>la cancellazione, la trasformazione in forma anonima o il blocco dei dati trattati in violazione di legge, compresi quelli di cui non \u00e8 necessaria la conservazione in relazione agli scopi per i quali i dati sono stati raccolti o successivamente trattati;<\/li>\n\n\n\n<li>l\u2019attestazione che le operazioni di cui ai numeri 1) e 2) sono state portate a conoscenza, anche per quanto riguarda il loro contenuto, di coloro ai quali i dati sono stati comunicati o diffusi, eccettuato il caso in cui tale adempimento si rivela impossibile o comporta un impiego di mezzi manifestamente sproporzionato rispetto al diritto tutelato.<\/li>\n<\/ul>\n<\/li>\n\n\n\n<li>di opporsi, in tutto o in parte:\n<ul class=\"wp-block-list\">\n<li>per motivi legittimi al trattamento dei dati personali che lo riguardano, oltre che pertinenti allo scopo della raccolta;<\/li>\n\n\n\n<li>al trattamento di dati personali che lo riguardano a fini di invio di materiale pubblicitario o di vendita diretta o per il compimento di ricerche di mercato o di comunicazione commerciale.<\/li>\n<\/ul>\n<\/li>\n<\/ul>\n\n\n\n<p>Per esercitare i diritti sopraindicati e per ricevere informazioni relative ai soggetti presso i quali i dati sono archiviati, ai soggetti ai quali i dati vengono comunicati ovvero ai soggetti che, in qualit\u00e0 di responsabili o incaricati, possono venire a conoscenza dei suoi dati, l\u2019Utente pu\u00f2 rivolgersi al Titolare inviando una richiesta al seguente indirizzo e-mail: ciao@loveitaly.org.<\/p>\n","protected":false},"excerpt":{"rendered":"<p>Le definizioni contenute nella presente Informativa Privacy (\u201cInformativa\u201d) hanno lo stesso significato di quelle contenute nelle Condizioni di Utilizzo del sito [www.loveitaly.org] (\u201cCondizioni di Utilizzo\u201d). I dati forniti a LoveItaly (ex iLoveItaly!, ex LoveItaly! e come di seguito definita) al momento della registrazione e successivamente per l\u2019utilizzo dei servizi di volta in volta forniti da<\/p>\n","protected":false},"author":1,"featured_media":0,"parent":0,"menu_order":0,"comment_status":"closed","ping_status":"closed","template":"","meta":{"_acf_changed":false,"footnotes":""},"class_list":["post-9522","page","type-page","status-publish"],"acf":[],"yoast_head":"<!-- This site is optimized with the Yoast SEO plugin v27.3 - https:\/\/yoast.com\/product\/yoast-seo-wordpress\/ -->\n<title>Privacy Policy &#187; Love Italy<\/title>\n<meta name=\"robots\" content=\"index, follow, max-snippet:-1, max-image-preview:large, max-video-preview:-1\" \/>\n<link rel=\"canonical\" href=\"https:\/\/loveitaly.org\/it\/privacy-policy\/\" \/>\n<meta property=\"og:locale\" content=\"it_IT\" \/>\n<meta property=\"og:type\" content=\"article\" \/>\n<meta property=\"og:title\" content=\"Privacy Policy &#187; Love Italy\" \/>\n<meta property=\"og:description\" content=\"Le definizioni contenute nella presente Informativa Privacy (\u201cInformativa\u201d) hanno lo stesso significato di quelle contenute nelle Condizioni di Utilizzo del sito [www.loveitaly.org] (\u201cCondizioni di Utilizzo\u201d). I dati forniti a LoveItaly (ex iLoveItaly!, ex LoveItaly! e come di seguito definita) al momento della registrazione e successivamente per l\u2019utilizzo dei servizi di volta in volta forniti da\" \/>\n<meta property=\"og:url\" content=\"https:\/\/loveitaly.org\/it\/privacy-policy\/\" \/>\n<meta property=\"og:site_name\" content=\"Love Italy\" \/>\n<meta property=\"article:modified_time\" content=\"2025-03-06T14:04:09+00:00\" \/>\n<meta name=\"twitter:card\" content=\"summary_large_image\" \/>\n<meta name=\"twitter:label1\" content=\"Tempo di lettura stimato\" \/>\n\t<meta name=\"twitter:data1\" content=\"7 minuti\" \/>\n<script type=\"application\/ld+json\" class=\"yoast-schema-graph\">{\"@context\":\"https:\\\/\\\/schema.org\",\"@graph\":[{\"@type\":\"WebPage\",\"@id\":\"https:\\\/\\\/loveitaly.org\\\/it\\\/privacy-policy\\\/\",\"url\":\"https:\\\/\\\/loveitaly.org\\\/it\\\/privacy-policy\\\/\",\"name\":\"Privacy Policy &#187; Love Italy\",\"isPartOf\":{\"@id\":\"https:\\\/\\\/loveitaly.org\\\/it\\\/#website\"},\"datePublished\":\"2021-02-16T14:47:38+00:00\",\"dateModified\":\"2025-03-06T14:04:09+00:00\",\"breadcrumb\":{\"@id\":\"https:\\\/\\\/loveitaly.org\\\/it\\\/privacy-policy\\\/#breadcrumb\"},\"inLanguage\":\"it-IT\",\"potentialAction\":[{\"@type\":\"ReadAction\",\"target\":[\"https:\\\/\\\/loveitaly.org\\\/it\\\/privacy-policy\\\/\"]}]},{\"@type\":\"BreadcrumbList\",\"@id\":\"https:\\\/\\\/loveitaly.org\\\/it\\\/privacy-policy\\\/#breadcrumb\",\"itemListElement\":[{\"@type\":\"ListItem\",\"position\":1,\"name\":\"Home\",\"item\":\"https:\\\/\\\/loveitaly.org\\\/it\\\/\"},{\"@type\":\"ListItem\",\"position\":2,\"name\":\"Privacy Policy\"}]},{\"@type\":\"WebSite\",\"@id\":\"https:\\\/\\\/loveitaly.org\\\/it\\\/#website\",\"url\":\"https:\\\/\\\/loveitaly.org\\\/it\\\/\",\"name\":\"Love Italy\",\"description\":\"Spread the love\",\"publisher\":{\"@id\":\"https:\\\/\\\/loveitaly.org\\\/it\\\/#organization\"},\"potentialAction\":[{\"@type\":\"SearchAction\",\"target\":{\"@type\":\"EntryPoint\",\"urlTemplate\":\"https:\\\/\\\/loveitaly.org\\\/it\\\/?s={search_term_string}\"},\"query-input\":{\"@type\":\"PropertyValueSpecification\",\"valueRequired\":true,\"valueName\":\"search_term_string\"}}],\"inLanguage\":\"it-IT\"},{\"@type\":\"Organization\",\"@id\":\"https:\\\/\\\/loveitaly.org\\\/it\\\/#organization\",\"name\":\"LoveItaly\",\"url\":\"https:\\\/\\\/loveitaly.org\\\/it\\\/\",\"logo\":{\"@type\":\"ImageObject\",\"inLanguage\":\"it-IT\",\"@id\":\"https:\\\/\\\/loveitaly.org\\\/it\\\/#\\\/schema\\\/logo\\\/image\\\/\",\"url\":\"https:\\\/\\\/loveitaly.org\\\/v2\\\/wp-content\\\/uploads\\\/2021\\\/02\\\/loveitaly-logo.png\",\"contentUrl\":\"https:\\\/\\\/loveitaly.org\\\/v2\\\/wp-content\\\/uploads\\\/2021\\\/02\\\/loveitaly-logo.png\",\"width\":300,\"height\":91,\"caption\":\"LoveItaly\"},\"image\":{\"@id\":\"https:\\\/\\\/loveitaly.org\\\/it\\\/#\\\/schema\\\/logo\\\/image\\\/\"}}]}<\/script>\n<!-- \/ Yoast SEO plugin. -->","yoast_head_json":{"title":"Privacy Policy &#187; Love Italy","robots":{"index":"index","follow":"follow","max-snippet":"max-snippet:-1","max-image-preview":"max-image-preview:large","max-video-preview":"max-video-preview:-1"},"canonical":"https:\/\/loveitaly.org\/it\/privacy-policy\/","og_locale":"it_IT","og_type":"article","og_title":"Privacy Policy &#187; Love Italy","og_description":"Le definizioni contenute nella presente Informativa Privacy (\u201cInformativa\u201d) hanno lo stesso significato di quelle contenute nelle Condizioni di Utilizzo del sito [www.loveitaly.org] (\u201cCondizioni di Utilizzo\u201d). I dati forniti a LoveItaly (ex iLoveItaly!, ex LoveItaly! e come di seguito definita) al momento della registrazione e successivamente per l\u2019utilizzo dei servizi di volta in volta forniti da","og_url":"https:\/\/loveitaly.org\/it\/privacy-policy\/","og_site_name":"Love Italy","article_modified_time":"2025-03-06T14:04:09+00:00","twitter_card":"summary_large_image","twitter_misc":{"Tempo di lettura stimato":"7 minuti"},"schema":{"@context":"https:\/\/schema.org","@graph":[{"@type":"WebPage","@id":"https:\/\/loveitaly.org\/it\/privacy-policy\/","url":"https:\/\/loveitaly.org\/it\/privacy-policy\/","name":"Privacy Policy &#187; Love Italy","isPartOf":{"@id":"https:\/\/loveitaly.org\/it\/#website"},"datePublished":"2021-02-16T14:47:38+00:00","dateModified":"2025-03-06T14:04:09+00:00","breadcrumb":{"@id":"https:\/\/loveitaly.org\/it\/privacy-policy\/#breadcrumb"},"inLanguage":"it-IT","potentialAction":[{"@type":"ReadAction","target":["https:\/\/loveitaly.org\/it\/privacy-policy\/"]}]},{"@type":"BreadcrumbList","@id":"https:\/\/loveitaly.org\/it\/privacy-policy\/#breadcrumb","itemListElement":[{"@type":"ListItem","position":1,"name":"Home","item":"https:\/\/loveitaly.org\/it\/"},{"@type":"ListItem","position":2,"name":"Privacy Policy"}]},{"@type":"WebSite","@id":"https:\/\/loveitaly.org\/it\/#website","url":"https:\/\/loveitaly.org\/it\/","name":"Love Italy","description":"Spread the love","publisher":{"@id":"https:\/\/loveitaly.org\/it\/#organization"},"potentialAction":[{"@type":"SearchAction","target":{"@type":"EntryPoint","urlTemplate":"https:\/\/loveitaly.org\/it\/?s={search_term_string}"},"query-input":{"@type":"PropertyValueSpecification","valueRequired":true,"valueName":"search_term_string"}}],"inLanguage":"it-IT"},{"@type":"Organization","@id":"https:\/\/loveitaly.org\/it\/#organization","name":"LoveItaly","url":"https:\/\/loveitaly.org\/it\/","logo":{"@type":"ImageObject","inLanguage":"it-IT","@id":"https:\/\/loveitaly.org\/it\/#\/schema\/logo\/image\/","url":"https:\/\/loveitaly.org\/v2\/wp-content\/uploads\/2021\/02\/loveitaly-logo.png","contentUrl":"https:\/\/loveitaly.org\/v2\/wp-content\/uploads\/2021\/02\/loveitaly-logo.png","width":300,"height":91,"caption":"LoveItaly"},"image":{"@id":"https:\/\/loveitaly.org\/it\/#\/schema\/logo\/image\/"}}]}},"_links":{"self":[{"href":"https:\/\/loveitaly.org\/it\/wp-json\/wp\/v2\/pages\/9522","targetHints":{"allow":["GET"]}}],"collection":[{"href":"https:\/\/loveitaly.org\/it\/wp-json\/wp\/v2\/pages"}],"about":[{"href":"https:\/\/loveitaly.org\/it\/wp-json\/wp\/v2\/types\/page"}],"author":[{"embeddable":true,"href":"https:\/\/loveitaly.org\/it\/wp-json\/wp\/v2\/users\/1"}],"replies":[{"embeddable":true,"href":"https:\/\/loveitaly.org\/it\/wp-json\/wp\/v2\/comments?post=9522"}],"version-history":[{"count":2,"href":"https:\/\/loveitaly.org\/it\/wp-json\/wp\/v2\/pages\/9522\/revisions"}],"predecessor-version":[{"id":15325,"href":"https:\/\/loveitaly.org\/it\/wp-json\/wp\/v2\/pages\/9522\/revisions\/15325"}],"wp:attachment":[{"href":"https:\/\/loveitaly.org\/it\/wp-json\/wp\/v2\/media?parent=9522"}],"curies":[{"name":"wp","href":"https:\/\/api.w.org\/{rel}","templated":true}]}}