{"id":9479,"date":"2021-02-16T15:30:31","date_gmt":"2021-02-16T14:30:31","guid":{"rendered":"https:\/\/loveitaly.org\/v2\/?page_id=9479"},"modified":"2026-03-20T13:04:52","modified_gmt":"2026-03-20T12:04:52","slug":"chi-siamo","status":"publish","type":"page","link":"https:\/\/loveitaly.org\/it\/chi-siamo\/","title":{"rendered":"Chi siamo"},"content":{"rendered":"<div id=\"pl-gb9479-69e2144de868d\"  class=\"panel-layout wp-block-siteorigin-panels-layout-block\" ><div id=\"pg-gb9479-69e2144de868d-0\"  class=\"panel-grid panel-no-style\" ><div id=\"pgc-gb9479-69e2144de868d-0-0\"  class=\"panel-grid-cell\" ><div id=\"panel-gb9479-69e2144de868d-0-0-0\" class=\"so-panel widget widget_se-video-widget panel-first-child panel-last-child\" data-index=\"0\" ><div\n\t\t\t\n\t\t\tclass=\"so-widget-se-video-widget so-widget-se-video-widget-se-video-widget-style-d75171398898-9479\"\n\t\t\t\n\t\t>\r\n<div class=\"se-video-parent simple-plyr autoplay loop youtu\">\r\n    <div class=\"se-video\">\r\n    <div class=\"plyr__video-embed se-plyr\" allow=\"autoplay\" data-plyr-config='{\"autoplay\":true,\"muted\":true,\"volume\":\"0\",\"loop\":{\"active\":true},\"playsinline\":true,\"clickToPlay\":true,\"storage\":{\"enabled\":false},\"youtube\":{\"noCookie\":true,\"rel\":0,\"showinfo\":0,\"iv_load_policy\":3,\"modestbranding\":1,\"controls\":2}}'>\r\n      <iframe\r\n        src=\"https:\/\/www.youtube-nocookie.com\/embed\/SkAWKWq5fDY\"\r\n        allowfullscreen\r\n        allowtransparency\r\n        ><\/iframe>\r\n    <\/div>\r\n  <\/div>\r\n<\/div>\r\n\r\n<\/div><\/div><\/div><div id=\"pgc-gb9479-69e2144de868d-0-1\"  class=\"panel-grid-cell\" ><div id=\"panel-gb9479-69e2144de868d-0-1-0\" class=\"so-panel widget widget_sow-editor panel-first-child panel-last-child\" data-index=\"1\" ><div\n\t\t\t\n\t\t\tclass=\"so-widget-sow-editor so-widget-sow-editor-base\"\n\t\t\t\n\t\t>\n<div class=\"siteorigin-widget-tinymce textwidget\">\n\t<blockquote>\n<h5><em>\u201cL\u2019Italia deve puntare sul suo inestimabile patrimonio culturale. L\u2019intero territorio italiano \u00e8 ricco di opere d\u2019arte di valore universale e, per questo motivo, tutti sono chiamati a contribuire\u201d. <\/em><\/h5>\n<p><em>Prof. Richard Hodges, Presidente Emerito dell\u2019American University of Rome, Presidente di LoveItaly<\/em><\/p><\/blockquote>\n<\/div>\n<\/div><\/div><\/div><\/div><div id=\"pg-gb9479-69e2144de868d-1\"  class=\"panel-grid panel-no-style\" ><div id=\"pgc-gb9479-69e2144de868d-1-0\"  class=\"panel-grid-cell\" ><div id=\"panel-gb9479-69e2144de868d-1-0-0\" class=\"so-panel widget widget_sow-editor panel-first-child panel-last-child\" data-index=\"2\" ><div\n\t\t\t\n\t\t\tclass=\"so-widget-sow-editor so-widget-sow-editor-base\"\n\t\t\t\n\t\t>\n<div class=\"siteorigin-widget-tinymce textwidget\">\n\t<p><strong>LoveItaly Ente del Terzo Settore<\/strong> \u00e8 dedito a tutelare e valorizzare il patrimonio culturale Italiano. L\u2019organizzazione \u00e8 la prima nel suo genere a sostegno dei progetti di restauro in tutta Italia. Per permettere a tutti di contribuire al sostegno del patrimonio culturale italiano,\u00a0 <strong>LoveItaly<\/strong><strong>\u00a0<\/strong>ha implementato dei mecanismi per donazioni individuali tramite la sua piattaforma di crowdfunding e dall\u2019USA, tramite la <strong>American Friends of LoveItaly, <\/strong>organizzazione 501(c)3<strong>.<\/strong><\/p>\n<p>Fondata nel 2014 da LVenture Group (all&#8217;epoca holding di partecipazioni in startup digitali quotata presso la Borsa Italiana) ed un gruppo internazionale di coordinatori, esperti di settore e volontari dalle diverse ed integrate professionalit\u00e0, la principale fonte di ispirazione \u00e8 venuta dal lavoro di consulenza archeologica e conservazione di Richard Hodges, Presidente di LoveItaly, gi\u00e0 Presidente della American University di Roma, membro del Comitato esecutivo del Herculaneum Conservation Project e del Consiglio per il Packard Humanities Institute.<\/p>\n<p>LoveItaly ETS opera in collaborazione con i Ministeri e le Sovrintendenze nazionali e locali, gli istituti di belle arti ed i musei, le diverse autorit\u00e0 locali e nazionali, i rappresentanti della Chiesa, gli istituti superiori, tra i quali le universit\u00e0 e le accademie Italiane ed internazionali.<\/p>\n<p>LoveItaly ETS \u00e8 costantemente e completamente focalizzato sull\u2019importanza delle comunicazioni a sostegno della trasparenza, del riconoscimento, della condivisione e della collaborazione civica; valori in cui crede fortemente.<\/p>\n<p>&nbsp;<\/p>\n<p>&nbsp;<\/p>\n<p>&nbsp;<\/p>\n<p>Si ringrazia per il generoso sostegno negli anni:\u00a0 LVentureGroup, Hogan Lovells, The Packard Humanities Institute, The Samuel H. Kress Foundation.<\/p>\n<p>&nbsp;<\/p>\n<p>Per sapere di pi\u00f9, contattaci:\u00a0 <a href=\"mailto:ciao@loveitaly.org\">ciao@loveitaly.org<\/a><\/p>\n<\/div>\n<\/div><\/div><\/div><div id=\"pgc-gb9479-69e2144de868d-1-1\"  class=\"panel-grid-cell\" ><div id=\"panel-gb9479-69e2144de868d-1-1-1\" class=\"so-panel widget widget_nav_menu panel-last-child\" data-index=\"4\" ><div class=\"button-menu panel-widget-style panel-widget-style-for-gb9479-69e2144de868d-1-1-1\" ><h3 class=\"widget-title\">SCOPRI<\/h3><div class=\"menu-pagine-istituzionali-it-container\"><ul id=\"menu-pagine-istituzionali-it\" class=\"menu\"><li id=\"menu-item-10458\" class=\"menu-item menu-item-type-post_type menu-item-object-page menu-item-10458\"><a href=\"https:\/\/loveitaly.org\/it\/chi-siamo\/\">Chi siamo<\/a><\/li>\n<li id=\"menu-item-10460\" class=\"menu-item menu-item-type-post_type menu-item-object-page menu-item-10460\"><a href=\"https:\/\/loveitaly.org\/it\/chi-siamo\/consiglio-di-amministrazione-e-staff\/\">Governance<\/a><\/li>\n<li id=\"menu-item-10869\" class=\"menu-item menu-item-type-custom menu-item-object-custom menu-item-10869\"><a target=\"_blank\" href=\"https:\/\/loveitaly.org\/v2\/wp-content\/uploads\/2021\/07\/Statuto-23-Aprile-2018.pdf\">LoveItaly Statute<\/a><\/li>\n<li id=\"menu-item-10464\" class=\"menu-item menu-item-type-post_type menu-item-object-page menu-item-10464\"><a href=\"https:\/\/loveitaly.org\/it\/chi-siamo\/partners\/\">Partners<\/a><\/li>\n<\/ul><\/div><\/div><\/div><\/div><\/div><\/div>\n\n\n<p><\/p>\n","protected":false},"excerpt":{"rendered":"<p>\u201cL\u2019Italia deve puntare sul suo inestimabile patrimonio culturale. L\u2019intero territorio italiano \u00e8 ricco di opere d\u2019arte di valore universale e, per questo motivo, tutti sono chiamati a contribuire\u201d. Prof. Richard Hodges, Presidente Emerito dell\u2019American University of Rome, Presidente di LoveItaly LoveItaly Ente del Terzo Settore \u00e8 dedito a tutelare e valorizzare il patrimonio culturale Italiano.<\/p>\n","protected":false},"author":1,"featured_media":10386,"parent":0,"menu_order":0,"comment_status":"closed","ping_status":"closed","template":"","meta":{"_acf_changed":false,"footnotes":""},"class_list":["post-9479","page","type-page","status-publish","has-post-thumbnail"],"acf":[],"yoast_head":"<!-- This site is optimized with the Yoast SEO plugin v27.3 - https:\/\/yoast.com\/product\/yoast-seo-wordpress\/ -->\n<title>Chi siamo &#187; Love Italy<\/title>\n<meta name=\"robots\" content=\"index, follow, max-snippet:-1, max-image-preview:large, max-video-preview:-1\" \/>\n<link rel=\"canonical\" href=\"https:\/\/loveitaly.org\/it\/chi-siamo\/\" \/>\n<meta property=\"og:locale\" content=\"it_IT\" \/>\n<meta property=\"og:type\" content=\"article\" \/>\n<meta property=\"og:title\" content=\"Chi siamo &#187; Love Italy\" \/>\n<meta property=\"og:description\" content=\"\u201cL\u2019Italia deve puntare sul suo inestimabile patrimonio culturale. L\u2019intero territorio italiano \u00e8 ricco di opere d\u2019arte di valore universale e, per questo motivo, tutti sono chiamati a contribuire\u201d. Prof. Richard Hodges, Presidente Emerito dell\u2019American University of Rome, Presidente di LoveItaly LoveItaly Ente del Terzo Settore \u00e8 dedito a tutelare e valorizzare il patrimonio culturale Italiano.\" \/>\n<meta property=\"og:url\" content=\"https:\/\/loveitaly.org\/it\/chi-siamo\/\" \/>\n<meta property=\"og:site_name\" content=\"Love Italy\" \/>\n<meta property=\"article:modified_time\" content=\"2026-03-20T12:04:52+00:00\" \/>\n<meta property=\"og:image\" content=\"https:\/\/loveitaly.org\/v2\/wp-content\/uploads\/2021\/06\/loveitaly-featured-generic.png\" \/>\n\t<meta property=\"og:image:width\" content=\"800\" \/>\n\t<meta property=\"og:image:height\" content=\"480\" \/>\n\t<meta property=\"og:image:type\" content=\"image\/png\" \/>\n<meta name=\"twitter:card\" content=\"summary_large_image\" \/>\n<meta name=\"twitter:label1\" content=\"Tempo di lettura stimato\" \/>\n\t<meta name=\"twitter:data1\" content=\"2 minuti\" \/>\n<script type=\"application\/ld+json\" class=\"yoast-schema-graph\">{\"@context\":\"https:\\\/\\\/schema.org\",\"@graph\":[{\"@type\":\"WebPage\",\"@id\":\"https:\\\/\\\/loveitaly.org\\\/it\\\/chi-siamo\\\/\",\"url\":\"https:\\\/\\\/loveitaly.org\\\/it\\\/chi-siamo\\\/\",\"name\":\"Chi siamo &#187; Love Italy\",\"isPartOf\":{\"@id\":\"https:\\\/\\\/loveitaly.org\\\/it\\\/#website\"},\"primaryImageOfPage\":{\"@id\":\"https:\\\/\\\/loveitaly.org\\\/it\\\/chi-siamo\\\/#primaryimage\"},\"image\":{\"@id\":\"https:\\\/\\\/loveitaly.org\\\/it\\\/chi-siamo\\\/#primaryimage\"},\"thumbnailUrl\":\"https:\\\/\\\/loveitaly.org\\\/v2\\\/wp-content\\\/uploads\\\/2021\\\/06\\\/loveitaly-featured-generic.png\",\"datePublished\":\"2021-02-16T14:30:31+00:00\",\"dateModified\":\"2026-03-20T12:04:52+00:00\",\"breadcrumb\":{\"@id\":\"https:\\\/\\\/loveitaly.org\\\/it\\\/chi-siamo\\\/#breadcrumb\"},\"inLanguage\":\"it-IT\",\"potentialAction\":[{\"@type\":\"ReadAction\",\"target\":[\"https:\\\/\\\/loveitaly.org\\\/it\\\/chi-siamo\\\/\"]}]},{\"@type\":\"ImageObject\",\"inLanguage\":\"it-IT\",\"@id\":\"https:\\\/\\\/loveitaly.org\\\/it\\\/chi-siamo\\\/#primaryimage\",\"url\":\"https:\\\/\\\/loveitaly.org\\\/v2\\\/wp-content\\\/uploads\\\/2021\\\/06\\\/loveitaly-featured-generic.png\",\"contentUrl\":\"https:\\\/\\\/loveitaly.org\\\/v2\\\/wp-content\\\/uploads\\\/2021\\\/06\\\/loveitaly-featured-generic.png\",\"width\":800,\"height\":480},{\"@type\":\"BreadcrumbList\",\"@id\":\"https:\\\/\\\/loveitaly.org\\\/it\\\/chi-siamo\\\/#breadcrumb\",\"itemListElement\":[{\"@type\":\"ListItem\",\"position\":1,\"name\":\"Home\",\"item\":\"https:\\\/\\\/loveitaly.org\\\/it\\\/\"},{\"@type\":\"ListItem\",\"position\":2,\"name\":\"Chi siamo\"}]},{\"@type\":\"WebSite\",\"@id\":\"https:\\\/\\\/loveitaly.org\\\/it\\\/#website\",\"url\":\"https:\\\/\\\/loveitaly.org\\\/it\\\/\",\"name\":\"Love Italy\",\"description\":\"Spread the love\",\"publisher\":{\"@id\":\"https:\\\/\\\/loveitaly.org\\\/it\\\/#organization\"},\"potentialAction\":[{\"@type\":\"SearchAction\",\"target\":{\"@type\":\"EntryPoint\",\"urlTemplate\":\"https:\\\/\\\/loveitaly.org\\\/it\\\/?s={search_term_string}\"},\"query-input\":{\"@type\":\"PropertyValueSpecification\",\"valueRequired\":true,\"valueName\":\"search_term_string\"}}],\"inLanguage\":\"it-IT\"},{\"@type\":\"Organization\",\"@id\":\"https:\\\/\\\/loveitaly.org\\\/it\\\/#organization\",\"name\":\"LoveItaly\",\"url\":\"https:\\\/\\\/loveitaly.org\\\/it\\\/\",\"logo\":{\"@type\":\"ImageObject\",\"inLanguage\":\"it-IT\",\"@id\":\"https:\\\/\\\/loveitaly.org\\\/it\\\/#\\\/schema\\\/logo\\\/image\\\/\",\"url\":\"https:\\\/\\\/loveitaly.org\\\/v2\\\/wp-content\\\/uploads\\\/2021\\\/02\\\/loveitaly-logo.png\",\"contentUrl\":\"https:\\\/\\\/loveitaly.org\\\/v2\\\/wp-content\\\/uploads\\\/2021\\\/02\\\/loveitaly-logo.png\",\"width\":300,\"height\":91,\"caption\":\"LoveItaly\"},\"image\":{\"@id\":\"https:\\\/\\\/loveitaly.org\\\/it\\\/#\\\/schema\\\/logo\\\/image\\\/\"}}]}<\/script>\n<!-- \/ Yoast SEO plugin. -->","yoast_head_json":{"title":"Chi siamo &#187; Love Italy","robots":{"index":"index","follow":"follow","max-snippet":"max-snippet:-1","max-image-preview":"max-image-preview:large","max-video-preview":"max-video-preview:-1"},"canonical":"https:\/\/loveitaly.org\/it\/chi-siamo\/","og_locale":"it_IT","og_type":"article","og_title":"Chi siamo &#187; Love Italy","og_description":"\u201cL\u2019Italia deve puntare sul suo inestimabile patrimonio culturale. L\u2019intero territorio italiano \u00e8 ricco di opere d\u2019arte di valore universale e, per questo motivo, tutti sono chiamati a contribuire\u201d. Prof. Richard Hodges, Presidente Emerito dell\u2019American University of Rome, Presidente di LoveItaly LoveItaly Ente del Terzo Settore \u00e8 dedito a tutelare e valorizzare il patrimonio culturale Italiano.","og_url":"https:\/\/loveitaly.org\/it\/chi-siamo\/","og_site_name":"Love Italy","article_modified_time":"2026-03-20T12:04:52+00:00","og_image":[{"width":800,"height":480,"url":"https:\/\/loveitaly.org\/v2\/wp-content\/uploads\/2021\/06\/loveitaly-featured-generic.png","type":"image\/png"}],"twitter_card":"summary_large_image","twitter_misc":{"Tempo di lettura stimato":"2 minuti"},"schema":{"@context":"https:\/\/schema.org","@graph":[{"@type":"WebPage","@id":"https:\/\/loveitaly.org\/it\/chi-siamo\/","url":"https:\/\/loveitaly.org\/it\/chi-siamo\/","name":"Chi siamo &#187; Love Italy","isPartOf":{"@id":"https:\/\/loveitaly.org\/it\/#website"},"primaryImageOfPage":{"@id":"https:\/\/loveitaly.org\/it\/chi-siamo\/#primaryimage"},"image":{"@id":"https:\/\/loveitaly.org\/it\/chi-siamo\/#primaryimage"},"thumbnailUrl":"https:\/\/loveitaly.org\/v2\/wp-content\/uploads\/2021\/06\/loveitaly-featured-generic.png","datePublished":"2021-02-16T14:30:31+00:00","dateModified":"2026-03-20T12:04:52+00:00","breadcrumb":{"@id":"https:\/\/loveitaly.org\/it\/chi-siamo\/#breadcrumb"},"inLanguage":"it-IT","potentialAction":[{"@type":"ReadAction","target":["https:\/\/loveitaly.org\/it\/chi-siamo\/"]}]},{"@type":"ImageObject","inLanguage":"it-IT","@id":"https:\/\/loveitaly.org\/it\/chi-siamo\/#primaryimage","url":"https:\/\/loveitaly.org\/v2\/wp-content\/uploads\/2021\/06\/loveitaly-featured-generic.png","contentUrl":"https:\/\/loveitaly.org\/v2\/wp-content\/uploads\/2021\/06\/loveitaly-featured-generic.png","width":800,"height":480},{"@type":"BreadcrumbList","@id":"https:\/\/loveitaly.org\/it\/chi-siamo\/#breadcrumb","itemListElement":[{"@type":"ListItem","position":1,"name":"Home","item":"https:\/\/loveitaly.org\/it\/"},{"@type":"ListItem","position":2,"name":"Chi siamo"}]},{"@type":"WebSite","@id":"https:\/\/loveitaly.org\/it\/#website","url":"https:\/\/loveitaly.org\/it\/","name":"Love Italy","description":"Spread the love","publisher":{"@id":"https:\/\/loveitaly.org\/it\/#organization"},"potentialAction":[{"@type":"SearchAction","target":{"@type":"EntryPoint","urlTemplate":"https:\/\/loveitaly.org\/it\/?s={search_term_string}"},"query-input":{"@type":"PropertyValueSpecification","valueRequired":true,"valueName":"search_term_string"}}],"inLanguage":"it-IT"},{"@type":"Organization","@id":"https:\/\/loveitaly.org\/it\/#organization","name":"LoveItaly","url":"https:\/\/loveitaly.org\/it\/","logo":{"@type":"ImageObject","inLanguage":"it-IT","@id":"https:\/\/loveitaly.org\/it\/#\/schema\/logo\/image\/","url":"https:\/\/loveitaly.org\/v2\/wp-content\/uploads\/2021\/02\/loveitaly-logo.png","contentUrl":"https:\/\/loveitaly.org\/v2\/wp-content\/uploads\/2021\/02\/loveitaly-logo.png","width":300,"height":91,"caption":"LoveItaly"},"image":{"@id":"https:\/\/loveitaly.org\/it\/#\/schema\/logo\/image\/"}}]}},"_links":{"self":[{"href":"https:\/\/loveitaly.org\/it\/wp-json\/wp\/v2\/pages\/9479","targetHints":{"allow":["GET"]}}],"collection":[{"href":"https:\/\/loveitaly.org\/it\/wp-json\/wp\/v2\/pages"}],"about":[{"href":"https:\/\/loveitaly.org\/it\/wp-json\/wp\/v2\/types\/page"}],"author":[{"embeddable":true,"href":"https:\/\/loveitaly.org\/it\/wp-json\/wp\/v2\/users\/1"}],"replies":[{"embeddable":true,"href":"https:\/\/loveitaly.org\/it\/wp-json\/wp\/v2\/comments?post=9479"}],"version-history":[{"count":4,"href":"https:\/\/loveitaly.org\/it\/wp-json\/wp\/v2\/pages\/9479\/revisions"}],"predecessor-version":[{"id":16829,"href":"https:\/\/loveitaly.org\/it\/wp-json\/wp\/v2\/pages\/9479\/revisions\/16829"}],"wp:featuredmedia":[{"embeddable":true,"href":"https:\/\/loveitaly.org\/it\/wp-json\/wp\/v2\/media\/10386"}],"wp:attachment":[{"href":"https:\/\/loveitaly.org\/it\/wp-json\/wp\/v2\/media?parent=9479"}],"curies":[{"name":"wp","href":"https:\/\/api.w.org\/{rel}","templated":true}]}}